{"id":115,"date":"2023-03-20T12:38:19","date_gmt":"2023-03-20T12:38:19","guid":{"rendered":"https:\/\/solarwolf.es\/?page_id=115"},"modified":"2023-03-28T14:39:14","modified_gmt":"2023-03-28T14:39:14","slug":"politica-de-privacidad","status":"publish","type":"page","link":"https:\/\/solarwolf.es\/?page_id=115","title":{"rendered":"Pol\u00edtica de privacidad"},"content":{"rendered":"\n[et_pb_section fb_built=\u00bb1&#8243; theme_builder_area=\u00bbpost_content\u00bb _builder_version=\u00bb4.19.5&#8243; _module_preset=\u00bbdefault\u00bb][et_pb_row _builder_version=\u00bb4.19.5&#8243; _module_preset=\u00bbdefault\u00bb theme_builder_area=\u00bbpost_content\u00bb][et_pb_column _builder_version=\u00bb4.19.5&#8243; _module_preset=\u00bbdefault\u00bb type=\u00bb4_4&#8243; theme_builder_area=\u00bbpost_content\u00bb][et_pb_text _builder_version=\u00bb4.19.5&#8243; _module_preset=\u00bbdefault\u00bb theme_builder_area=\u00bbpost_content\u00bb hover_enabled=\u00bb0&#8243; sticky_enabled=\u00bb0&#8243;]<p><strong>Pol\u00edtica de Privacidad<\/strong><\/p>\n<p><b>\u00cdNDICE\u00a0<\/b><\/p>\n<ol>\n<li><i><span style=\"font-weight: 400;\"> Introducci\u00f3n<\/span><\/i><\/li>\n<li><i><span style=\"font-weight: 400;\"> Informaci\u00f3n sobre el Responsable del Tratamiento<\/span><\/i><\/li>\n<li><i><span style=\"font-weight: 400;\"> \u00bfCu\u00e1les son tus DERECHOS en relaci\u00f3n con el tratamiento de tus datos?<\/span><\/i><\/li>\n<li><i><span style=\"font-weight: 400;\"> \u00bfQu\u00e9 Datos RECOPILAMOS a trav\u00e9s de la P\u00e1gina Web?<\/span><\/i><\/li>\n<li><i><span style=\"font-weight: 400;\">a) Datos almacenados por la navegaci\u00f3n y uso de la P\u00e1gina Web<\/span><\/i><\/li>\n<li><i><span style=\"font-weight: 400;\">c) Datos facilitados en el formulario de contacto y por correo electr\u00f3nico<\/span><\/i><\/li>\n<li><i><span style=\"font-weight: 400;\">d) \u00abCookies\u00bb<\/span><\/i><\/li>\n<li><i><span style=\"font-weight: 400;\"> Limitaci\u00f3n en el tratamiento. Responsabilidad del Usuario<\/span><\/i><\/li>\n<li><i><span style=\"font-weight: 400;\"> Redes sociales<\/span><\/i><\/li>\n<li><i><span style=\"font-weight: 400;\"> Registro de Actividades de Tratamiento<\/span><\/i><\/li>\n<li><i><span style=\"font-weight: 400;\"> Medidas de seguridad<\/span><\/i><\/li>\n<li><i><span style=\"font-weight: 400;\"> Contacte con nosotros<\/span><\/i><\/li>\n<\/ol>\n<h3><span style=\"font-weight: 400;\">1. <\/span><b>Introducci\u00f3n<\/b><\/h3>\n<p><span style=\"font-weight: 400;\">El tratamiento de datos personales realizado a trav\u00e9s de este sitio web de SOLARWOLF se regula seg\u00fan lo establecido en el Reglamento (UE) 2016\/679 del Parlamento Europeo y del Consejo de 27 de abril de 2016 relativo a la protecci\u00f3n de las personas f\u00edsicas en lo que respecta al tratamiento de datos personales y a la libre circulaci\u00f3n de estos datos (RGPD-EU), y de lo dispuesto en la Ley Org\u00e1nica 3\/2018, de 5 de diciembre, de Protecci\u00f3n de Datos Personales y Garant\u00eda de los Derechos Digitales (LOPDGDD), y dem\u00e1s normativa en materia de protecci\u00f3n de datos que sea de aplicaci\u00f3n, al objeto de garantizar en todo momento el derecho fundamental a la protecci\u00f3n de datos de las personas usuarias del mismo.<\/span><\/p>\n<p><span style=\"font-weight: 400;\">Mediante la lectura de la presente Pol\u00edtica de Privacidad, la persona usuaria queda informada sobre la forma en que SOLARWOLF , recoge, trata y protege los datos personales que son recabados a trav\u00e9s de este sitio web. La persona usuaria debe leer con atenci\u00f3n esta Pol\u00edtica de Privacidad, que ha sido redactada de forma clara y sencilla con el objetivo de facilitar su compresi\u00f3n, pudiendo as\u00ed determinar libre y voluntariamente si desea facilitar sus datos personales a SOLARWOLF , a trav\u00e9s de los distintos medios habilitados para ello.<\/span><\/p>\n<p><span style=\"font-weight: 400;\">SOLARWOLF se reserva el derecho a modificar o adaptar la presente Pol\u00edtica de Privacidad en todo momento. Por lo tanto, le recomendamos que revise la misma cada vez que acceda a la P\u00e1gina Web. En el supuesto de que el usuario se haya registrado en la p\u00e1gina web y acceda a su cuenta o perfil, al acceder a la misma, se le informar\u00e1 en el supuesto de que haya habido modificaciones sustanciales en relaci\u00f3n con el tratamiento de sus datos personales.<\/span><\/p>\n<h3><span style=\"font-weight: 400;\">2. <\/span><b>Informaci\u00f3n sobre el Responsable del Tratamiento<\/b><\/h3>\n<p><span style=\"font-weight: 400;\">Los datos que se recojan o se faciliten voluntariamente por medio de la P\u00e1gina Web, ya sea por la navegaci\u00f3n en la misma, as\u00ed como todos aquellos que se puedan proporcionar en los formularios de contacto, v\u00eda email o por tel\u00e9fono, ser\u00e1n recabados y tratados por SOLARWOLF.<\/span><\/p>\n<h3><span style=\"font-weight: 400;\">3. \u00bf<\/span><b>Cu\u00e1les son tus DERECHOS en relaci\u00f3n con el tratamiento de tus datos?<\/b><\/h3>\n<p><span style=\"font-weight: 400;\">Cualquier persona tiene derecho a obtener informaci\u00f3n sobre la existencia del tratamiento de sus datos personales, acceder a la informaci\u00f3n y datos personales que SOLARWOLF tiene, solicitar la rectificaci\u00f3n de los datos inexactos o, en su caso, solicitar la supresi\u00f3n, cuando, entre otros motivos, los datos ya no sean necesarios para los fines para los que fueron recogidos o el interesado retire el consentimiento que haya otorgado.<\/span><\/p>\n<p><span style=\"font-weight: 400;\">En determinados supuestos, el interesado podr\u00e1 solicitar la limitaci\u00f3n del tratamiento de sus datos, en cuyo caso, solo los conservaremos de acuerdo con la normativa vigente.<\/span><\/p>\n<p><span style=\"font-weight: 400;\">En algunos casos, puede ejercitar su derecho a la portabilidad de los datos, que ser\u00e1n entregados en un formato adecuado, de uso com\u00fan o lectura mec\u00e1nica a usted o el nuevo responsable del tratamiento que designe.<\/span><\/p>\n<p><span style=\"font-weight: 400;\">Podr\u00e1 solicitar la oposici\u00f3n al tratamiento de sus datos en determinadas circunstancias, en cuyo caso, SOLARWOLF dejar\u00e1 de tratar los datos, salvo por motivos leg\u00edtimos imperiosos, o el ejercicio o la defensa de posibles reclamaciones. Tambi\u00e9n podr\u00e1 solicitar la oposici\u00f3n del tratamiento de sus datos para decisiones individuales automatizadas.<\/span><\/p>\n<p><span style=\"font-weight: 400;\">Tiene derecho a revocar en cualquier momento el consentimiento para cualquiera de los tratamientos para los que lo has otorgado.SOLARWOLF dispone de formularios para el ejercicio de cualquiera de los citados derechos, para lo que deber\u00e1 ponerse en contacto con nosotros en la siguiente direcci\u00f3n de correo electr\u00f3nica <\/span><span style=\"font-weight: 400;\">eusebio.munoz@solarwolf.es<\/span><\/p>\n<p><span style=\"font-weight: 400;\">\u00a0solicitando el modelo que necesite. Del mismo modo, puede utilizar los que la Agencia Espa\u00f1ola de Protecci\u00f3n de Datos o terceros ponen a disposici\u00f3n de los interesados.<\/span><\/p>\n<p><span style=\"font-weight: 400;\">Estos formularios deber\u00e1n ir firmados electr\u00f3nicamente o ir acompa\u00f1ados de fotocopia del DNI. Si se act\u00faa por medio de representante, adem\u00e1s, deber\u00e1 ir acompa\u00f1ado de su copia de DNI o firma electr\u00f3nica.<\/span><\/p>\n<p><span style=\"font-weight: 400;\">Los formularios deber\u00e1n ser presentados presencialmente en el domicilio de SOLARWOLF indicado anteriormente o, en su caso, enviados por correo electr\u00f3nico.<\/span><\/p>\n<p><span style=\"font-weight: 400;\">Tienes derecho a presentar una reclamaci\u00f3n ante la Agencia Espa\u00f1ola de Protecci\u00f3n de Datos, en el supuesto de que consideres que no se ha atendido convenientemente la solicitud de tus derechos.<\/span><\/p>\n<p><span style=\"font-weight: 400;\">El plazo m\u00e1ximo para resolver por SOLARWOLF es de un mes, a contar desde la efectiva recepci\u00f3n de tu solicitud por nuestra parte. Excepcionalmente, y si la petici\u00f3n revistiera especial dificultad, se podr\u00e1 ampliar otro mes m\u00e1s, previa comunicaci\u00f3n de dicha ampliaci\u00f3n al interesado.<\/span><\/p>\n<h3><span style=\"font-weight: 400;\">5. \u00bf<\/span><b>Qu\u00e9 Datos RECOPILAMOS a trav\u00e9s de la P\u00e1gina Web?<\/b><\/h3>\n<ol>\n<li><span style=\"font-weight: 400;\">a) Datos almacenados por la navegaci\u00f3n y uso de la P\u00e1gina Web<\/span><\/li>\n<\/ol>\n<p><span style=\"font-weight: 400;\">Por el simple hecho de navegar en la P\u00e1gina Web, SOLARWOLF podr\u00e1 recopilar informaci\u00f3n referente a:<\/span><\/p>\n<ul>\n<li style=\"font-weight: 400;\" aria-level=\"1\"><span style=\"font-weight: 400;\">Direcci\u00f3n IP<\/span><\/li>\n<li style=\"font-weight: 400;\" aria-level=\"1\"><span style=\"font-weight: 400;\">Versi\u00f3n del navegador<\/span><\/li>\n<li style=\"font-weight: 400;\" aria-level=\"1\"><span style=\"font-weight: 400;\">Sistema operativo<\/span><\/li>\n<li style=\"font-weight: 400;\" aria-level=\"1\"><span style=\"font-weight: 400;\">Duraci\u00f3n de la visita o navegaci\u00f3n por la P\u00e1gina web<\/span><\/li>\n<\/ul>\n<p><span style=\"font-weight: 400;\">Tal informaci\u00f3n se almacena mediante Google Analytics, por lo que nos remitimos a la Pol\u00edtica de Privacidad de Google, ya que \u00e9ste recaba y trata tal informaci\u00f3n.<\/span><\/p>\n<p><span style=\"font-weight: 400;\">http:\/\/www.google.com\/intl\/en\/policies\/privacy\/<\/span><\/p>\n<p><span style=\"font-weight: 400;\">La informaci\u00f3n que nosotros manejamos no estar\u00e1 relacionada con un usuario concreto y se almacenar\u00e1 en nuestras bases de datos, con la finalidad de realizar an\u00e1lisis estad\u00edsticos, mejoras en la P\u00e1gina Web, sobre nuestros productos y\/o servicios y nos ayudar\u00e1 a mejorar nuestra estrategia comercial. Los datos no ser\u00e1n comunicados a terceros.<\/span><\/p>\n<p><span style=\"font-weight: 400;\">Los datos de registro de cada usuario se incorporar\u00e1n a las bases de datos de SOLARWOLF junto con el historial de operaciones realizadas por el mismo, y se almacenar\u00e1n en las mismas mientras no se elimine la cuenta del usuario registrado. Una vez eliminada tal cuenta, dichos datos ser\u00e1n apartados de nuestras bases de datos, manteni\u00e9ndolos apartados durante 10 a\u00f1os aquellos datos relativos a las transacciones realizadas, sin que se accedan o alteren los mismos, con el fin de dar cumplimiento a los plazos legalmente vigentes. Los datos que no se encuentren vinculados a las transacciones realizadas se mantendr\u00e1n durante un periodo de 3 a\u00f1os salvo que retire el consentimiento en cuyo caso ser\u00e1n eliminados inmediatamente.<\/span><\/p>\n<p><span style=\"font-weight: 400;\">La base legal para el tratamiento de sus datos personales es la ejecuci\u00f3n de un contrato entre las partes, en la que el usuario solicita de SOLARWOLF una serie de servicios\/utilidades.<\/span><\/p>\n<p><span style=\"font-weight: 400;\">Las finalidades del tratamiento ser\u00e1n las siguientes:<\/span><\/p>\n<ul>\n<li style=\"font-weight: 400;\" aria-level=\"1\"><span style=\"font-weight: 400;\">Gestionar el alta y su acceso a la Plataforma.<\/span><\/li>\n<li style=\"font-weight: 400;\" aria-level=\"1\"><span style=\"font-weight: 400;\">Gestionar los servicios puestos a su disposici\u00f3n a trav\u00e9s de la Plataforma.<\/span><\/li>\n<li style=\"font-weight: 400;\" aria-level=\"1\"><span style=\"font-weight: 400;\">Mantenerlo informado de la tramitaci\u00f3n y estado de sus solicitudes.<\/span><\/li>\n<li style=\"font-weight: 400;\" aria-level=\"1\"><span style=\"font-weight: 400;\">Responder a su solicitud de informaci\u00f3n.<\/span><\/li>\n<\/ul>\n<p>&nbsp;<\/p>\n<p><span style=\"font-weight: 400;\">As\u00ed, le informamos que podr\u00e1 recibir comunicaciones v\u00eda email y\/o en su tel\u00e9fono, con el fin de informarle de posibles incidencias, errores, problemas y\/o estado de sus solicitudes.<\/span><\/p>\n<ol>\n<li><span style=\"font-weight: 400;\">c) Datos facilitados en el formulario de contacto y por correo electr\u00f3nico<\/span><\/li>\n<\/ol>\n<p><span style=\"font-weight: 400;\">SOLARWOLF dispone en su sitio web de distintas direcciones de correo electr\u00f3nico que sirven de canal de comunicaci\u00f3n para las finalidades establecidas en cada caso. As\u00ed mismo, SOLARWOLF en ocasiones puede utilizar el correo electr\u00f3nico como canal de comunicaci\u00f3n con la ciudadan\u00eda o terceros con los que mantenga alg\u00fan tipo de relaci\u00f3n.<\/span><\/p>\n<p><span style=\"font-weight: 400;\">Puede ponerse en contacto directamente con SOLARWOLF a trav\u00e9s de las direcciones de correo electr\u00f3nico habilitadas a tal efecto, o bien a trav\u00e9s de los distintos formularios facilitados en la P\u00e1gina Web. Para ello, es necesario que el Usuario se identifique e indique sus datos personales, con el fin de que SOLARWOLF pueda contactarte en caso de que sea necesario para atender su solicitud de informaci\u00f3n. Los datos solicitados en los formularios disponibles en el sitio web son con car\u00e1cter general obligatorios (salvo que en el campo requerido se especifique lo contrario) para cumplir con las finalidades establecidas. Los campos obligatorios para llevar a cabo la gesti\u00f3n se marcar\u00e1n en rojo si no han sido completados. En el caso de no facilitar tales campos, no se permitir\u00e1 el env\u00edo de su petici\u00f3n. En la utilizaci\u00f3n de otros medios para la remisi\u00f3n de datos a SOLARWOLF al usuario deber\u00e1 aportar \u00fanicamente aquella informaci\u00f3n que sea precisa en cada caso.<\/span><\/p>\n<p><span style=\"font-weight: 400;\">En este sentido, el usuario asumir\u00e1 las posibles responsabilidades derivadas de los datos excesivos o inadecuados que, voluntariamente, decida facilitar a SOLARWOLF a trav\u00e9s de los medios de recogida de datos establecidos.<\/span><\/p>\n<p><span style=\"font-weight: 400;\">Tales datos personales, ser\u00e1n incorporados a las bases de datos de SOLARWOLF , que conservar\u00e1 los mismos para contestar a su solicitud y\/o petici\u00f3n de informaci\u00f3n y, tras ello, ser\u00e1n eliminados con car\u00e1cter general en el plazo de 3 a\u00f1os, salvo que la normativa vigente establezca un plazo de conservaci\u00f3n superior.<\/span><\/p>\n<p><span style=\"font-weight: 400;\">La finalidad del tratamiento es la gesti\u00f3n de las consultas o solicitudes de informaci\u00f3n que sean enviadas a trav\u00e9s de la P\u00e1gina Web o por correo electr\u00f3nico.<\/span><\/p>\n<p><span style=\"font-weight: 400;\">Los datos personales facilitados por este medio no ser\u00e1n comunicados a terceros, siendo SOLARWOLF quien d\u00e9, directamente, respuesta a este tipo de consultas. En funci\u00f3n del contenido y finalidad del mensaje\/solicitud, la base de legitimaci\u00f3n para el tratamiento de sus datos podr\u00e1 ser:<\/span><\/p>\n<ol>\n<li style=\"font-weight: 400;\" aria-level=\"2\"><span style=\"font-weight: 400;\">El cumplimiento de una obligaci\u00f3n legal o el cumplimiento de una misi\u00f3n realizada en inter\u00e9s p\u00fablico o el ejercicio de poderes p\u00fablicos, en aquellos casos en el que el tratamiento traiga causa del ejercicio de sus competencias y funciones legalmente atribuidas a SOLARWOLF.<\/span><\/li>\n<li style=\"font-weight: 400;\" aria-level=\"2\"><span style=\"font-weight: 400;\">El consentimiento prestado por el usuario\/remitente, en aquellos casos en los que proceda, como ocurre con el tratamiento que trae causa de la suscripci\u00f3n de la persona afectada a canales de informaci\u00f3n.<\/span><\/li>\n<li style=\"font-weight: 400;\" aria-level=\"2\"><span style=\"font-weight: 400;\">La existencia de una relaci\u00f3n contractual o precontractual, en aquellos casos en los que el tratamiento traiga causa de la existencia de relaciones contractuales o prestaci\u00f3n de servicios.<\/span><\/li>\n<\/ol>\n<ol>\n<li><span style=\"font-weight: 400;\">d) \u00abCookies\u00bb<\/span><\/li>\n<\/ol>\n<p><span style=\"font-weight: 400;\">SOLARWOLF utiliza cookies para facilitar la navegaci\u00f3n por su Portal y para obtener una mayor eficacia y personalizaci\u00f3n de los servicios ofrecidos a los usuarios.<\/span><\/p>\n<p><span style=\"font-weight: 400;\">Las cookies empleadas en https:\/\/www.solarwolf.es se asocian \u00fanicamente con un ordenador, sin que en ning\u00fan momento proporcionen referencias que permitan deducir el nombre y apellidos del Usuario, ni pueden leer datos de su disco duro ni incluir virus en sus textos.<\/span><\/p>\n<p><span style=\"font-weight: 400;\">El usuario puede libremente decidir acerca de la implantaci\u00f3n o no en su disco duro de las cookies empleadas en https:\/\/www.solarwolf.es. En este sentido, el usuario puede configurar su navegador para aceptar o rechazar por defecto todas las cookies o para recibir un aviso en pantalla de la recepci\u00f3n de cada cookie y decidir en ese momento su implantaci\u00f3n o no en su disco duro. Para ello le sugerimos consultar la secci\u00f3n de ayuda de su navegador para saber c\u00f3mo cambiar la configuraci\u00f3n que actualmente emplea.<\/span><\/p>\n<p>&nbsp;<\/p>\n<h3><span style=\"font-weight: 400;\">5. <\/span><b>Limitaci\u00f3n en el tratamiento. Responsabilidad del Usuario<\/b><\/h3>\n<p><span style=\"font-weight: 400;\">Al facilitarnos sus datos a trav\u00e9s de canales electr\u00f3nicos, el usuario se manifiesta formalmente y garantiza que es mayor de 14 a\u00f1os. En aquellos casos en los que alguno de los servicios ofrecidos por SOLARWOLF estuviera destinado a menores de 14 a\u00f1os, se habilitaran los medios necesarios para recabar la autorizaci\u00f3n de los padres o tutores legales del\/la menor, previa identificaci\u00f3n de los mismos.<\/span><\/p>\n<p><span style=\"font-weight: 400;\">Asimismo, el usuario manifiesta que los datos comunicados son verdaderos, exactos, completos y actualizados, quedando SOLARWOLF eximida de cualquier responsabilidad por el incumplimiento de este requisito, asumiendo el usuario la responsabilidad de la veracidad de los datos comunicados y de mantener debidamente actualizada la informaci\u00f3n, de manera que se responda a su situaci\u00f3n real, respondiendo de los datos falsos e inexactos que pudiera proporcionar, as\u00ed como de los da\u00f1os y perjuicios, directos o indirectos, que pudiera derivarse.<\/span><\/p>\n<h3><b>6. Redes sociales<\/b><\/h3>\n<p><span style=\"font-weight: 400;\">SOLARWOLF dispone de diferentes redes sociales a las que puede acceder desde los enlaces habilitados en la web (Facebook, Twitter, Instagram, LinkedIn, YouTube). Debe tener en cuenta que el uso de las redes sociales puede suponer una Transferencia Internacional de Datos Personales fuera de la Uni\u00f3n Europea (UE), por lo que deber\u00eda informarse puntualmente en sus condiciones de uso con car\u00e1cter previo a su utilizaci\u00f3n.<\/span><\/p>\n<p><span style=\"font-weight: 400;\">Al hacerse fan, seguidor o an\u00e1logos de SOLARWOLF en la vertiente de las distintas redes sociales, en el contexto de este tratamiento debe tenerse en cuenta que SOLARWOLF \u00fanicamente puede consultar o dar de baja los datos de forma restringida al tener un perfil espec\u00edfico. Cualquier rectificaci\u00f3n de sus datos o restricci\u00f3n de informaci\u00f3n o de publicaciones debe realizarse a trav\u00e9s de la configuraci\u00f3n de su perfil o usuario en la propia red social. Por defecto, el usuario consiente:<\/span><\/p>\n<ol>\n<li><span style=\"font-weight: 400;\">a) El tratamiento de tus datos personales en el entorno de dicha red social y conforme a sus pol\u00edticas de Privacidad:<\/span><\/li>\n<\/ol>\n<p><span style=\"font-weight: 400;\">Facebook <\/span><a href=\"http:\/\/www.facebook.com\/policy.php?ref=pf\"><span style=\"font-weight: 400;\">http:\/\/www.facebook.com\/policy.php?ref=pf<\/span><\/a><\/p>\n<p><span style=\"font-weight: 400;\">Twitter <\/span><a href=\"http:\/\/twitter.com\/privacy\"><span style=\"font-weight: 400;\">http:\/\/twitter.com\/privacy<\/span><\/a><\/p>\n<p><span style=\"font-weight: 400;\">Instagram https:\/\/es-la.facebook.com\/help\/instagram\/155833707900388<\/span><\/p>\n<p><span style=\"font-weight: 400;\">LinkedIn https:\/\/es.linkedin.com\/legal\/privacy-policy<\/span><\/p>\n<p><span style=\"font-weight: 400;\">YouTube https:\/\/policies.google.com\/privacy<\/span><\/p>\n<ol>\n<li><span style=\"font-weight: 400;\">b) El acceso de SOLARWOLF a los datos contenidos en su perfil o biograf\u00eda. Dependiendo de la configuraci\u00f3n que el usuario tenga de la privacidad en cada red, estos ser\u00e1n m\u00e1s o menos amplios.<\/span><\/li>\n<li><span style=\"font-weight: 400;\">c) A que las noticias publicadas sobre nuestros eventos, o nuestros comentarios puedan aparecer en su muro o biograf\u00eda.<\/span><\/li>\n<li><span style=\"font-weight: 400;\">d) A recibir comunicaciones sobre nuestros servicios\/eventos.<\/span><\/li>\n<\/ol>\n<p><span style=\"font-weight: 400;\">Si quiere dejar de seguirnos, s\u00f3lo tiene que pinchar la opci\u00f3n \u00abDejar de ser fan\u00bb o \u201cdejar de seguir\u201d.<\/span><\/p>\n<h3><span style=\"font-weight: 400;\">7. <\/span><b>Registro de Actividades de Tratamiento<\/b><\/h3>\n<p><span style=\"font-weight: 400;\">La relaci\u00f3n actualizada de las actividades de tratamiento que SOLARWOLF lleva a cabo, en cumplimiento del art\u00edculo 30 del Reglamento General de Protecci\u00f3n de Datos (RGPD-EU). Ver Registro de Actividades de Tratamiento.<\/span><\/p>\n<h3><span style=\"font-weight: 400;\">8. <\/span><b>Medidas de seguridad<\/b><\/h3>\n<p><span style=\"font-weight: 400;\">SOLARWOLF ha adoptado las medidas de seguridad adecuadas de acuerdo con lo previsto la vigente normativa de protecci\u00f3n de datos con el fin de garantizar el derecho fundamental a la protecci\u00f3n de datos de las personas usuarias de este sitio web.<\/span><\/p>\n<p><span style=\"font-weight: 400;\">Las medidas de seguridad implantadas corresponden a las establecidas en el Anexo II (Medidas de seguridad) del Real Decreto 3\/2010, de 8 de enero, por el que se regula el Esquema Nacional de Seguridad en el \u00e1mbito de la Administraci\u00f3n Electr\u00f3nica y que se encuentran descritas en los documentos que conforman la Pol\u00edtica de Seguridad de SOLARWOLF , as\u00ed mismo, se han aplicado aquellas medidas t\u00e9cnicas y organizativas necesarias para garantizar un nivel de seguridad adecuado al riesgo al cual est\u00e1n expuestos los datos personales tratados en este sitio web.<\/span><\/p>\n<h3><span style=\"font-weight: 400;\">9. <\/span><b>Contacte con nosotros<\/b><\/h3>\n<p><span style=\"font-weight: 400;\">Si tiene Ud. cualquier pregunta sobre las condiciones reflejadas en este Aviso Legal o si desea hacer cualquier sugerencia o recomendaci\u00f3n, por favor dir\u00edjase a nosotros a trav\u00e9s del siguiente correo: <\/span><span style=\"font-weight: 400;\">eusebio.munoz@solarwolf.es<\/span><\/p>\n<p>&nbsp;<\/p>\n<p>&nbsp;<\/p>\n<p>&nbsp;<\/p>[\/et_pb_text][\/et_pb_column][\/et_pb_row][\/et_pb_section]\n","protected":false},"excerpt":{"rendered":"<p>Pol\u00edtica de Privacidad \u00cdNDICE\u00a0 Introducci\u00f3n Informaci\u00f3n sobre el Responsable del Tratamiento \u00bfCu\u00e1les son tus DERECHOS en relaci\u00f3n con el tratamiento de tus datos? \u00bfQu\u00e9 Datos RECOPILAMOS a trav\u00e9s de la P\u00e1gina Web? a) Datos almacenados por la navegaci\u00f3n y uso de la P\u00e1gina Web c) Datos facilitados en el formulario de contacto y por correo [&hellip;]<\/p>\n","protected":false},"author":1,"featured_media":0,"parent":0,"menu_order":0,"comment_status":"closed","ping_status":"closed","template":"","meta":{"_et_pb_use_builder":"on","_et_pb_old_content":"","_et_gb_content_width":"","footnotes":""},"class_list":["post-115","page","type-page","status-publish","hentry"],"_links":{"self":[{"href":"https:\/\/solarwolf.es\/index.php?rest_route=\/wp\/v2\/pages\/115","targetHints":{"allow":["GET"]}}],"collection":[{"href":"https:\/\/solarwolf.es\/index.php?rest_route=\/wp\/v2\/pages"}],"about":[{"href":"https:\/\/solarwolf.es\/index.php?rest_route=\/wp\/v2\/types\/page"}],"author":[{"embeddable":true,"href":"https:\/\/solarwolf.es\/index.php?rest_route=\/wp\/v2\/users\/1"}],"replies":[{"embeddable":true,"href":"https:\/\/solarwolf.es\/index.php?rest_route=%2Fwp%2Fv2%2Fcomments&post=115"}],"version-history":[{"count":3,"href":"https:\/\/solarwolf.es\/index.php?rest_route=\/wp\/v2\/pages\/115\/revisions"}],"predecessor-version":[{"id":26249,"href":"https:\/\/solarwolf.es\/index.php?rest_route=\/wp\/v2\/pages\/115\/revisions\/26249"}],"wp:attachment":[{"href":"https:\/\/solarwolf.es\/index.php?rest_route=%2Fwp%2Fv2%2Fmedia&parent=115"}],"curies":[{"name":"wp","href":"https:\/\/api.w.org\/{rel}","templated":true}]}}