{"id":164,"date":"2023-03-20T15:35:25","date_gmt":"2023-03-20T15:35:25","guid":{"rendered":"https:\/\/solarwolf.es\/?page_id=164"},"modified":"2023-10-31T16:50:10","modified_gmt":"2023-10-31T16:50:10","slug":"proyectos-aislada","status":"publish","type":"page","link":"https:\/\/solarwolf.es\/?page_id=164","title":{"rendered":"Proyectos Aislada"},"content":{"rendered":"<p>[et_pb_section fb_built=\u00bb1&#8243; _builder_version=\u00bb4.19.5&#8243; _module_preset=\u00bbdefault\u00bb background_color=\u00bb#E09900&#8243; background_enable_pattern_style=\u00bbon\u00bb background_pattern_style=\u00bbdiagonal-stripes\u00bb background_pattern_color=\u00bbrgba(255,255,255,0.05)\u00bb custom_padding=\u00bb8px||0px|||\u00bb locked=\u00bboff\u00bb global_colors_info=\u00bb{}\u00bb][et_pb_row _builder_version=\u00bb4.19.5&#8243; _module_preset=\u00bbdefault\u00bb global_colors_info=\u00bb{}\u00bb][et_pb_column type=\u00bb4_4&#8243; _builder_version=\u00bb4.19.5&#8243; _module_preset=\u00bbdefault\u00bb global_colors_info=\u00bb{}\u00bb][et_pb_text _builder_version=\u00bb4.19.5&#8243; _module_preset=\u00bbdefault\u00bb text_font=\u00bb|600|||||||\u00bb text_text_color=\u00bb#FFFFFF\u00bb text_font_size=\u00bb24px\u00bb text_line_height=\u00bb1.9em\u00bb text_orientation=\u00bbcenter\u00bb global_colors_info=\u00bb{}\u00bb]<\/p>\n<p>PROYECTOS AISLADA<\/p>\n<p>[\/et_pb_text][\/et_pb_column][\/et_pb_row][\/et_pb_section][et_pb_section fb_built=\u00bb1&#8243; _builder_version=\u00bb4.19.5&#8243; _module_preset=\u00bbdefault\u00bb custom_padding=\u00bb5px||4px|||\u00bb locked=\u00bboff\u00bb global_colors_info=\u00bb{}\u00bb][et_pb_row _builder_version=\u00bb4.19.5&#8243; _module_preset=\u00bbdefault\u00bb global_colors_info=\u00bb{}\u00bb][et_pb_column type=\u00bb4_4&#8243; _builder_version=\u00bb4.19.5&#8243; _module_preset=\u00bbdefault\u00bb global_colors_info=\u00bb{}\u00bb][et_pb_text _builder_version=\u00bb4.19.5&#8243; _module_preset=\u00bbdefault\u00bb text_font_size=\u00bb16px\u00bb text_orientation=\u00bbcenter\u00bb global_colors_info=\u00bb{}\u00bb]<\/p>\n<p>Aqu\u00ed encontrar\u00e1s una galer\u00eda de im\u00e1genes de las instalaciones de AISLADA que hemos realizado.<\/p>\n<p>[\/et_pb_text][\/et_pb_column][\/et_pb_row][\/et_pb_section][et_pb_section fb_built=\u00bb1&#8243; _builder_version=\u00bb4.19.5&#8243; _module_preset=\u00bbdefault\u00bb custom_padding=\u00bb2px|||||\u00bb global_colors_info=\u00bb{}\u00bb][et_pb_row _builder_version=\u00bb4.22.2&#8243; _module_preset=\u00bbdefault\u00bb][et_pb_column _builder_version=\u00bb4.22.2&#8243; _module_preset=\u00bbdefault\u00bb type=\u00bb4_4&#8243;][et_pb_gallery _builder_version=\u00bb4.22.2&#8243; _module_preset=\u00bbdefault\u00bb gallery_ids=\u00bb26361,26362,26363,26364,26365,26366,26367,26368,26369,26370,26371,26372,26373,26374,26375,26376,26377,26378,26379,26380,26381,26382,26383,26384,26385,26386,26387,26388,26389,26390,26391,26392,26393,26394,26395,26396,26397,26398,26399,26400,26401,26402,26403,26404,26405,26406,26407,26408,26409,26410,26411,26412,26413,26414,26415,26416,26417,26418,26419,26420,26421,26422,26423,26424,26425,26426,26427,26428,26429,26430&#8243; posts_number=\u00bb16&#8243; show_title_and_caption=\u00bboff\u00bb gallery_orderby=\u00bbrand\u00bb hover_enabled=\u00bb0&#8243; sticky_enabled=\u00bb0&#8243;][\/et_pb_gallery][\/et_pb_column][\/et_pb_row][\/et_pb_section]<\/p>\n","protected":false},"excerpt":{"rendered":"<p>PROYECTOS AISLADAAqu\u00ed encontrar\u00e1s una galer\u00eda de im\u00e1genes de las instalaciones de AISLADA que hemos realizado.<\/p>\n","protected":false},"author":1,"featured_media":0,"parent":0,"menu_order":0,"comment_status":"closed","ping_status":"closed","template":"","meta":{"_et_pb_use_builder":"on","_et_pb_old_content":"<!-- wp:divi\/placeholder \/-->","_et_gb_content_width":"","footnotes":""},"class_list":["post-164","page","type-page","status-publish","hentry"],"_links":{"self":[{"href":"https:\/\/solarwolf.es\/index.php?rest_route=\/wp\/v2\/pages\/164","targetHints":{"allow":["GET"]}}],"collection":[{"href":"https:\/\/solarwolf.es\/index.php?rest_route=\/wp\/v2\/pages"}],"about":[{"href":"https:\/\/solarwolf.es\/index.php?rest_route=\/wp\/v2\/types\/page"}],"author":[{"embeddable":true,"href":"https:\/\/solarwolf.es\/index.php?rest_route=\/wp\/v2\/users\/1"}],"replies":[{"embeddable":true,"href":"https:\/\/solarwolf.es\/index.php?rest_route=%2Fwp%2Fv2%2Fcomments&post=164"}],"version-history":[{"count":6,"href":"https:\/\/solarwolf.es\/index.php?rest_route=\/wp\/v2\/pages\/164\/revisions"}],"predecessor-version":[{"id":26432,"href":"https:\/\/solarwolf.es\/index.php?rest_route=\/wp\/v2\/pages\/164\/revisions\/26432"}],"wp:attachment":[{"href":"https:\/\/solarwolf.es\/index.php?rest_route=%2Fwp%2Fv2%2Fmedia&parent=164"}],"curies":[{"name":"wp","href":"https:\/\/api.w.org\/{rel}","templated":true}]}}