{"id":29,"date":"2023-03-20T10:22:23","date_gmt":"2023-03-20T10:22:23","guid":{"rendered":"https:\/\/solarwolf.es\/?page_id=29"},"modified":"2023-09-25T11:54:44","modified_gmt":"2023-09-25T11:54:44","slug":"bombeo-solar","status":"publish","type":"page","link":"https:\/\/solarwolf.es\/?page_id=29","title":{"rendered":"Bombeo Solar"},"content":{"rendered":"<p>[et_pb_section fb_built=\u00bb1&#8243; _builder_version=\u00bb4.19.5&#8243; _module_preset=\u00bbdefault\u00bb background_color=\u00bb#E09900&#8243; background_enable_pattern_style=\u00bbon\u00bb background_pattern_style=\u00bbdiagonal-stripes\u00bb background_pattern_color=\u00bbrgba(255,255,255,0.04)\u00bb custom_padding=\u00bb38px||38px||true|\u00bb global_colors_info=\u00bb{}\u00bb][et_pb_row _builder_version=\u00bb4.19.5&#8243; _module_preset=\u00bbdefault\u00bb custom_margin=\u00bb-5px|auto||auto||\u00bb global_colors_info=\u00bb{}\u00bb][et_pb_column type=\u00bb4_4&#8243; _builder_version=\u00bb4.19.5&#8243; _module_preset=\u00bbdefault\u00bb global_colors_info=\u00bb{}\u00bb][et_pb_text _builder_version=\u00bb4.19.5&#8243; _module_preset=\u00bbdefault\u00bb text_font=\u00bb|600|||||||\u00bb text_text_color=\u00bb#FFFFFF\u00bb text_font_size=\u00bb33px\u00bb text_line_height=\u00bb1.9em\u00bb text_orientation=\u00bbcenter\u00bb global_colors_info=\u00bb{}\u00bb]<\/p>\n<p>INSTALACIONES BOMBEO SOLAR<\/p>\n<p>[\/et_pb_text][\/et_pb_column][\/et_pb_row][\/et_pb_section][et_pb_section fb_built=\u00bb1&#8243; _builder_version=\u00bb4.19.5&#8243; _module_preset=\u00bbdefault\u00bb custom_padding=\u00bb||16px|||\u00bb global_colors_info=\u00bb{}\u00bb][et_pb_row column_structure=\u00bb3_5,2_5&#8243; _builder_version=\u00bb4.19.5&#8243; _module_preset=\u00bbdefault\u00bb global_colors_info=\u00bb{}\u00bb][et_pb_column type=\u00bb3_5&#8243; _builder_version=\u00bb4.19.5&#8243; _module_preset=\u00bbdefault\u00bb global_colors_info=\u00bb{}\u00bb][et_pb_text _builder_version=\u00bb4.19.5&#8243; _module_preset=\u00bbdefault\u00bb text_orientation=\u00bbjustified\u00bb global_colors_info=\u00bb{}\u00bb]<\/p>\n<p>Un sistema de\u00a0<strong>bombeo solar<\/strong> consiste en una\u00a0bomba hidr\u00e1ulica\u00a0alimentada de manera directa por\u00a0paneles solares fotovoltaicos, en lugar de ser abastecida mediante\u00a0electricidad\u00a0convencional o\u00a0di\u00e9sel.\u200b Los sistemas de bombeo fotovoltaico, al igual que los alimentados mediante\u00a0energ\u00eda e\u00f3lica, son muy \u00fatiles all\u00ed donde no es posible acceder a la red general de electricidad o bien supone un precio prohibitivo.\u200b Su coste es generalmente m\u00e1s econ\u00f3mico debido a sus menores costes de operaci\u00f3n y mantenimiento, y presentan un menor impacto ambiental que los sistemas de bombeo alimentados mediante\u00a0motores de combusti\u00f3n interna, que tienen adem\u00e1s una menor fiabilidad.<\/p>\n<p>En SolarWolf llevamos a\u00f1os instalando estos sistemas y contamois con un personal altamente cualificado para darle al mejor soluci\u00f3n a su proyecto.<\/p>\n<p>[\/et_pb_text][\/et_pb_column][et_pb_column type=\u00bb2_5&#8243; _builder_version=\u00bb4.19.5&#8243; _module_preset=\u00bbdefault\u00bb global_colors_info=\u00bb{}\u00bb][et_pb_image src=\u00bbhttps:\/\/solarwolf.es\/wp-content\/uploads\/2023\/03\/289325337_1366188403892291_3813731157295414626_n.jpg\u00bb title_text=\u00bb289325337_1366188403892291_3813731157295414626_n\u00bb _builder_version=\u00bb4.19.5&#8243; _module_preset=\u00bbdefault\u00bb global_colors_info=\u00bb{}\u00bb][\/et_pb_image][\/et_pb_column][\/et_pb_row][\/et_pb_section][et_pb_section fb_built=\u00bb1&#8243; _builder_version=\u00bb4.19.5&#8243; _module_preset=\u00bbdefault\u00bb custom_padding=\u00bb6px|||||\u00bb global_colors_info=\u00bb{}\u00bb][et_pb_row column_structure=\u00bb1_2,1_2&#8243; _builder_version=\u00bb4.19.5&#8243; _module_preset=\u00bbdefault\u00bb global_colors_info=\u00bb{}\u00bb][et_pb_column type=\u00bb1_2&#8243; _builder_version=\u00bb4.19.5&#8243; _module_preset=\u00bbdefault\u00bb global_colors_info=\u00bb{}\u00bb][et_pb_image src=\u00bbhttps:\/\/solarwolf.es\/wp-content\/uploads\/2023\/03\/conoce-instalacion.png\u00bb title_text=\u00bbconoce instalacion\u00bb url=\u00bb@ET-DC@eyJkeW5hbWljIjp0cnVlLCJjb250ZW50IjoicG9zdF9saW5rX3VybF9wYWdlIiwic2V0dGluZ3MiOnsicG9zdF9pZCI6IjI5In19@\u00bb _builder_version=\u00bb4.19.5&#8243; _dynamic_attributes=\u00bburl\u00bb _module_preset=\u00bbdefault\u00bb global_colors_info=\u00bb{}\u00bb][\/et_pb_image][\/et_pb_column][et_pb_column type=\u00bb1_2&#8243; _builder_version=\u00bb4.19.5&#8243; _module_preset=\u00bbdefault\u00bb global_colors_info=\u00bb{}\u00bb][et_pb_image src=\u00bbhttps:\/\/solarwolf.es\/wp-content\/uploads\/2023\/03\/quiero-mi-instalacion.png\u00bb title_text=\u00bbquiero mi instalacion\u00bb url=\u00bb@ET-DC@eyJkeW5hbWljIjp0cnVlLCJjb250ZW50IjoicG9zdF9saW5rX3VybF9wYWdlIiwic2V0dGluZ3MiOnsicG9zdF9pZCI6IjI2MjgwIn19@\u00bb _builder_version=\u00bb4.22.2&#8243; _dynamic_attributes=\u00bburl\u00bb _module_preset=\u00bbdefault\u00bb hover_enabled=\u00bb0&#8243; global_colors_info=\u00bb{}\u00bb sticky_enabled=\u00bb0&#8243;][\/et_pb_image][\/et_pb_column][\/et_pb_row][\/et_pb_section]<\/p>\n","protected":false},"excerpt":{"rendered":"<p>INSTALACIONES BOMBEO SOLARUn sistema de\u00a0bombeo solar consiste en una\u00a0bomba hidr\u00e1ulica\u00a0alimentada de manera directa por\u00a0paneles solares fotovoltaicos, en lugar de ser abastecida mediante\u00a0electricidad\u00a0convencional o\u00a0di\u00e9sel.\u200b Los sistemas de bombeo fotovoltaico, al igual que los alimentados mediante\u00a0energ\u00eda e\u00f3lica, son muy \u00fatiles all\u00ed donde no es posible acceder a la red general de electricidad o bien supone un precio [&hellip;]<\/p>\n","protected":false},"author":1,"featured_media":0,"parent":0,"menu_order":0,"comment_status":"closed","ping_status":"closed","template":"","meta":{"_et_pb_use_builder":"on","_et_pb_old_content":"<!-- wp:divi\/placeholder \/-->","_et_gb_content_width":"","footnotes":""},"class_list":["post-29","page","type-page","status-publish","hentry"],"_links":{"self":[{"href":"https:\/\/solarwolf.es\/index.php?rest_route=\/wp\/v2\/pages\/29","targetHints":{"allow":["GET"]}}],"collection":[{"href":"https:\/\/solarwolf.es\/index.php?rest_route=\/wp\/v2\/pages"}],"about":[{"href":"https:\/\/solarwolf.es\/index.php?rest_route=\/wp\/v2\/types\/page"}],"author":[{"embeddable":true,"href":"https:\/\/solarwolf.es\/index.php?rest_route=\/wp\/v2\/users\/1"}],"replies":[{"embeddable":true,"href":"https:\/\/solarwolf.es\/index.php?rest_route=%2Fwp%2Fv2%2Fcomments&post=29"}],"version-history":[{"count":4,"href":"https:\/\/solarwolf.es\/index.php?rest_route=\/wp\/v2\/pages\/29\/revisions"}],"predecessor-version":[{"id":26298,"href":"https:\/\/solarwolf.es\/index.php?rest_route=\/wp\/v2\/pages\/29\/revisions\/26298"}],"wp:attachment":[{"href":"https:\/\/solarwolf.es\/index.php?rest_route=%2Fwp%2Fv2%2Fmedia&parent=29"}],"curies":[{"name":"wp","href":"https:\/\/api.w.org\/{rel}","templated":true}]}}